{"id":1096,"date":"2020-07-02T15:23:59","date_gmt":"2020-07-02T15:23:59","guid":{"rendered":"https:\/\/www.arpaz.pt\/portal\/?page_id=1096"},"modified":"2025-06-24T14:00:47","modified_gmt":"2025-06-24T14:00:47","slug":"relatorio-e-contas","status":"publish","type":"page","link":"https:\/\/www.arpaz.pt\/portal\/relatorio-e-contas\/","title":{"rendered":"Relat\u00f3rio e Contas"},"content":{"rendered":"\t\t<div data-elementor-type=\"wp-page\" data-elementor-id=\"1096\" class=\"elementor elementor-1096\" data-elementor-settings=\"[]\">\n\t\t\t<div class=\"elementor-inner\">\n\t\t\t\t<div class=\"elementor-section-wrap\">\n\t\t\t\t\t\t\t<section class=\"elementor-element elementor-element-71496f93 elementor-section-boxed elementor-section-height-default elementor-section-height-default elementor-section elementor-top-section\" data-id=\"71496f93\" data-element_type=\"section\">\n\t\t\t\t\t\t<div class=\"elementor-container elementor-column-gap-default\">\n\t\t\t\t<div class=\"elementor-row\">\n\t\t\t\t<div class=\"elementor-element elementor-element-28132422 elementor-column elementor-col-100 elementor-top-column\" data-id=\"28132422\" data-element_type=\"column\">\n\t\t\t<div class=\"elementor-column-wrap  elementor-element-populated\">\n\t\t\t\t\t<div class=\"elementor-widget-wrap\">\n\t\t\t\t<div class=\"elementor-element elementor-element-7827f4e5 elementor-widget elementor-widget-text-editor\" data-id=\"7827f4e5\" data-element_type=\"widget\" data-widget_type=\"text-editor.default\">\n\t\t\t\t<div class=\"elementor-widget-container\">\n\t\t\t\t\t<div class=\"elementor-text-editor elementor-clearfix\"><\/div>\n\t\t\t\t<\/div>\n\t\t\t\t<\/div>\n\t\t\t\t<div class=\"elementor-element elementor-element-af558f7 elementor-widget elementor-widget-divider\" data-id=\"af558f7\" data-element_type=\"widget\" data-widget_type=\"divider.default\">\n\t\t\t\t<div class=\"elementor-widget-container\">\n\t\t\t\t\t<div class=\"elementor-divider\">\n\t\t\t<span class=\"elementor-divider-separator\">\n\t\t\t\t\t\t<\/span>\n\t\t<\/div>\n\t\t\t\t<\/div>\n\t\t\t\t<\/div>\n\t\t\t\t\t\t<\/div>\n\t\t\t<\/div>\n\t\t<\/div>\n\t\t\t\t\t\t<\/div>\n\t\t\t<\/div>\n\t\t<\/section>\n\t\t\t\t<section class=\"elementor-element elementor-element-e3108fb elementor-section-boxed elementor-section-height-default elementor-section-height-default elementor-section elementor-top-section\" data-id=\"e3108fb\" data-element_type=\"section\">\n\t\t\t\t\t\t<div class=\"elementor-container elementor-column-gap-default\">\n\t\t\t\t<div class=\"elementor-row\">\n\t\t\t\t<div class=\"elementor-element elementor-element-c54e6cc elementor-column elementor-col-100 elementor-top-column\" data-id=\"c54e6cc\" data-element_type=\"column\">\n\t\t\t<div class=\"elementor-column-wrap  elementor-element-populated\">\n\t\t\t\t\t<div class=\"elementor-widget-wrap\">\n\t\t\t\t\t\t<\/div>\n\t\t\t<\/div>\n\t\t<\/div>\n\t\t\t\t\t\t<\/div>\n\t\t\t<\/div>\n\t\t<\/section>\n\t\t\t\t<section class=\"elementor-element elementor-element-c4242ab elementor-section-boxed elementor-section-height-default elementor-section-height-default elementor-section elementor-top-section\" data-id=\"c4242ab\" data-element_type=\"section\">\n\t\t\t\t\t\t<div class=\"elementor-container elementor-column-gap-default\">\n\t\t\t\t<div class=\"elementor-row\">\n\t\t\t\t<div class=\"elementor-element elementor-element-799dd52 elementor-column elementor-col-100 elementor-top-column\" data-id=\"799dd52\" data-element_type=\"column\">\n\t\t\t<div class=\"elementor-column-wrap  elementor-element-populated\">\n\t\t\t\t\t<div class=\"elementor-widget-wrap\">\n\t\t\t\t<div class=\"elementor-element elementor-element-b578370 elementor-widget elementor-widget-heading\" data-id=\"b578370\" data-element_type=\"widget\" data-widget_type=\"heading.default\">\n\t\t\t\t<div class=\"elementor-widget-container\">\n\t\t\t<h2 class=\"elementor-heading-title elementor-size-default\">Relat\u00f3rio e Contas<\/h2>\t\t<\/div>\n\t\t\t\t<\/div>\n\t\t\t\t\t\t<\/div>\n\t\t\t<\/div>\n\t\t<\/div>\n\t\t\t\t\t\t<\/div>\n\t\t\t<\/div>\n\t\t<\/section>\n\t\t\t\t<section class=\"elementor-element elementor-element-7f33403 elementor-section-boxed elementor-section-height-default elementor-section-height-default elementor-section elementor-top-section\" data-id=\"7f33403\" data-element_type=\"section\">\n\t\t\t\t\t\t<div class=\"elementor-container elementor-column-gap-default\">\n\t\t\t\t<div class=\"elementor-row\">\n\t\t\t\t<div class=\"elementor-element elementor-element-fbc5471 elementor-column elementor-col-100 elementor-top-column\" data-id=\"fbc5471\" data-element_type=\"column\">\n\t\t\t<div class=\"elementor-column-wrap  elementor-element-populated\">\n\t\t\t\t\t<div class=\"elementor-widget-wrap\">\n\t\t\t\t<div class=\"elementor-element elementor-element-4067f1a elementor-widget elementor-widget-spacer\" data-id=\"4067f1a\" data-element_type=\"widget\" data-widget_type=\"spacer.default\">\n\t\t\t\t<div class=\"elementor-widget-container\">\n\t\t\t\t\t<div class=\"elementor-spacer\">\n\t\t\t<div class=\"elementor-spacer-inner\"><\/div>\n\t\t<\/div>\n\t\t\t\t<\/div>\n\t\t\t\t<\/div>\n\t\t\t\t\t\t<\/div>\n\t\t\t<\/div>\n\t\t<\/div>\n\t\t\t\t\t\t<\/div>\n\t\t\t<\/div>\n\t\t<\/section>\n\t\t\t\t<section class=\"elementor-element elementor-element-eeb4db6 elementor-section-boxed elementor-section-height-default elementor-section-height-default elementor-section elementor-top-section\" data-id=\"eeb4db6\" data-element_type=\"section\">\n\t\t\t\t\t\t<div class=\"elementor-container elementor-column-gap-default\">\n\t\t\t\t<div class=\"elementor-row\">\n\t\t\t\t<div class=\"elementor-element elementor-element-d38af24 elementor-column elementor-col-100 elementor-top-column\" data-id=\"d38af24\" data-element_type=\"column\">\n\t\t\t<div class=\"elementor-column-wrap  elementor-element-populated\">\n\t\t\t\t\t<div class=\"elementor-widget-wrap\">\n\t\t\t\t<div class=\"elementor-element elementor-element-19545ea elementor-tabs-view-horizontal elementor-widget elementor-widget-tabs\" data-id=\"19545ea\" data-element_type=\"widget\" data-widget_type=\"tabs.default\">\n\t\t\t\t<div class=\"elementor-widget-container\">\n\t\t\t\t\t<div class=\"elementor-tabs\" role=\"tablist\">\n\t\t\t<div class=\"elementor-tabs-wrapper\">\n\t\t\t\t\t\t\t\t\t<div id=\"elementor-tab-title-2651\" class=\"elementor-tab-title elementor-tab-desktop-title\" data-tab=\"1\" role=\"tab\" aria-controls=\"elementor-tab-content-2651\"><a href=\"\">Relat\u00f3rio de Contas 2024<\/a><\/div>\n\t\t\t\t\t\t\t<\/div>\n\t\t\t<div class=\"elementor-tabs-content-wrapper\">\n\t\t\t\t\t\t\t\t\t<div class=\"elementor-tab-title elementor-tab-mobile-title\" data-tab=\"1\" role=\"tab\">Relat\u00f3rio de Contas 2024<\/div>\n\t\t\t\t\t<div id=\"elementor-tab-content-2651\" class=\"elementor-tab-content elementor-clearfix\" data-tab=\"1\" role=\"tabpanel\" aria-labelledby=\"elementor-tab-title-2651\"><iframe loading=\"lazy\" src=\"https:\/\/www.arpaz.pt\/portal\/wp-content\/uploads\/2025\/06\/ata_marco.pdf\" width=\"100%\" height=\"1000\"><span data-mce-type=\"bookmark\" style=\"display: inline-block; width: 0px; overflow: hidden; line-height: 0;\" class=\"mce_SELRES_start\">\ufeff<\/div>\n\t\t\t\t\t\t\t<\/div>\n\t\t<\/div>\n\t\t\t\t<\/div>\n\t\t\t\t<\/div>\n\t\t\t\t\t\t<\/div>\n\t\t\t<\/div>\n\t\t<\/div>\n\t\t\t\t\t\t<\/div>\n\t\t\t<\/div>\n\t\t<\/section>\n\t\t\t\t<section class=\"elementor-element elementor-element-fb623c7 elementor-section-boxed elementor-section-height-default elementor-section-height-default elementor-section elementor-top-section\" data-id=\"fb623c7\" data-element_type=\"section\">\n\t\t\t\t\t\t<div class=\"elementor-container elementor-column-gap-default\">\n\t\t\t\t<div class=\"elementor-row\">\n\t\t\t\t<div class=\"elementor-element elementor-element-a60ebd3 elementor-column elementor-col-100 elementor-top-column\" data-id=\"a60ebd3\" data-element_type=\"column\">\n\t\t\t<div class=\"elementor-column-wrap  elementor-element-populated\">\n\t\t\t\t\t<div class=\"elementor-widget-wrap\">\n\t\t\t\t<div class=\"elementor-element elementor-element-efd471a elementor-tabs-view-horizontal elementor-widget elementor-widget-tabs\" data-id=\"efd471a\" data-element_type=\"widget\" data-widget_type=\"tabs.default\">\n\t\t\t\t<div class=\"elementor-widget-container\">\n\t\t\t\t\t<div class=\"elementor-tabs\" role=\"tablist\">\n\t\t\t<div class=\"elementor-tabs-wrapper\">\n\t\t\t\t\t\t\t\t\t<div id=\"elementor-tab-title-2511\" class=\"elementor-tab-title elementor-tab-desktop-title\" data-tab=\"1\" role=\"tab\" aria-controls=\"elementor-tab-content-2511\"><a href=\"\">Relat\u00f3rio de Contas 2017<\/a><\/div>\n\t\t\t\t\t\t\t\t\t<div id=\"elementor-tab-title-2512\" class=\"elementor-tab-title elementor-tab-desktop-title\" data-tab=\"2\" role=\"tab\" aria-controls=\"elementor-tab-content-2512\"><a href=\"\">Relat\u00f3rio de Contas 2018<\/a><\/div>\n\t\t\t\t\t\t\t\t\t<div id=\"elementor-tab-title-2513\" class=\"elementor-tab-title elementor-tab-desktop-title\" data-tab=\"3\" role=\"tab\" aria-controls=\"elementor-tab-content-2513\"><a href=\"\">Relat\u00f3rio de Contas 2019<\/a><\/div>\n\t\t\t\t\t\t\t\t\t<div id=\"elementor-tab-title-2514\" class=\"elementor-tab-title elementor-tab-desktop-title\" data-tab=\"4\" role=\"tab\" aria-controls=\"elementor-tab-content-2514\"><a href=\"\">Relat\u00f3rio de Contas 2020<\/a><\/div>\n\t\t\t\t\t\t\t\t\t<div id=\"elementor-tab-title-2515\" class=\"elementor-tab-title elementor-tab-desktop-title\" data-tab=\"5\" role=\"tab\" aria-controls=\"elementor-tab-content-2515\"><a href=\"\">Relat\u00f3rio de Contas 2021<\/a><\/div>\n\t\t\t\t\t\t\t\t\t<div id=\"elementor-tab-title-2516\" class=\"elementor-tab-title elementor-tab-desktop-title\" data-tab=\"6\" role=\"tab\" aria-controls=\"elementor-tab-content-2516\"><a href=\"\">Relat\u00f3rio de Contas 2022<\/a><\/div>\n\t\t\t\t\t\t\t\t\t<div id=\"elementor-tab-title-2517\" class=\"elementor-tab-title elementor-tab-desktop-title\" data-tab=\"7\" role=\"tab\" aria-controls=\"elementor-tab-content-2517\"><a href=\"\">Relat\u00f3rio de Contas 2023<\/a><\/div>\n\t\t\t\t\t\t\t\t\t<div id=\"elementor-tab-title-2518\" class=\"elementor-tab-title elementor-tab-desktop-title\" data-tab=\"8\" role=\"tab\" aria-controls=\"elementor-tab-content-2518\"><a href=\"\">Relat\u00f3rio de Contas 2024<\/a><\/div>\n\t\t\t\t\t\t\t<\/div>\n\t\t\t<div class=\"elementor-tabs-content-wrapper\">\n\t\t\t\t\t\t\t\t\t<div class=\"elementor-tab-title elementor-tab-mobile-title\" data-tab=\"1\" role=\"tab\">Relat\u00f3rio de Contas 2017<\/div>\n\t\t\t\t\t<div id=\"elementor-tab-content-2511\" class=\"elementor-tab-content elementor-clearfix\" data-tab=\"1\" role=\"tabpanel\" aria-labelledby=\"elementor-tab-title-2511\"><iframe loading=\"lazy\" src=\"https:\/\/www.arpaz.pt\/portal\/wp-content\/uploads\/2021\/09\/relatorio-de-contas-de-2017_000013.pdf\" width=\"100%\" height=\"1000\"><\/iframe><\/div>\n\t\t\t\t\t\t\t\t\t<div class=\"elementor-tab-title elementor-tab-mobile-title\" data-tab=\"2\" role=\"tab\">Relat\u00f3rio de Contas 2018<\/div>\n\t\t\t\t\t<div id=\"elementor-tab-content-2512\" class=\"elementor-tab-content elementor-clearfix\" data-tab=\"2\" role=\"tabpanel\" aria-labelledby=\"elementor-tab-title-2512\"><iframe loading=\"lazy\" src=\"https:\/\/www.arpaz.pt\/portal\/wp-content\/uploads\/2021\/09\/relatorio-de-contas-de-2018_000012.pdf\" width=\"100%\" height=\"1000\"><\/iframe><\/div>\n\t\t\t\t\t\t\t\t\t<div class=\"elementor-tab-title elementor-tab-mobile-title\" data-tab=\"3\" role=\"tab\">Relat\u00f3rio de Contas 2019<\/div>\n\t\t\t\t\t<div id=\"elementor-tab-content-2513\" class=\"elementor-tab-content elementor-clearfix\" data-tab=\"3\" role=\"tabpanel\" aria-labelledby=\"elementor-tab-title-2513\"><iframe loading=\"lazy\" src=\"https:\/\/www.arpaz.pt\/portal\/wp-content\/uploads\/2021\/09\/relatorio-de-contas-de-2019_000014.pdf\" width=\"100%\" height=\"1000\"><\/iframe><\/div>\n\t\t\t\t\t\t\t\t\t<div class=\"elementor-tab-title elementor-tab-mobile-title\" data-tab=\"4\" role=\"tab\">Relat\u00f3rio de Contas 2020<\/div>\n\t\t\t\t\t<div id=\"elementor-tab-content-2514\" class=\"elementor-tab-content elementor-clearfix\" data-tab=\"4\" role=\"tabpanel\" aria-labelledby=\"elementor-tab-title-2514\"><iframe loading=\"lazy\" src=\"https:\/\/www.arpaz.pt\/portal\/wp-content\/uploads\/2021\/09\/relatorio-de-contas-de-2020_000017.pdf\" width=\"100%\" height=\"1000\"><\/iframe><\/div>\n\t\t\t\t\t\t\t\t\t<div class=\"elementor-tab-title elementor-tab-mobile-title\" data-tab=\"5\" role=\"tab\">Relat\u00f3rio de Contas 2021<\/div>\n\t\t\t\t\t<div id=\"elementor-tab-content-2515\" class=\"elementor-tab-content elementor-clearfix\" data-tab=\"5\" role=\"tabpanel\" aria-labelledby=\"elementor-tab-title-2515\"><iframe loading=\"lazy\" src=\"https:\/\/www.arpaz.pt\/portal\/wp-content\/uploads\/2022\/06\/relatorio2022.pdf\" width=\"100%\" height=\"1000\"><\/iframe><\/div>\n\t\t\t\t\t\t\t\t\t<div class=\"elementor-tab-title elementor-tab-mobile-title\" data-tab=\"6\" role=\"tab\">Relat\u00f3rio de Contas 2022<\/div>\n\t\t\t\t\t<div id=\"elementor-tab-content-2516\" class=\"elementor-tab-content elementor-clearfix\" data-tab=\"6\" role=\"tabpanel\" aria-labelledby=\"elementor-tab-title-2516\"><iframe loading=\"lazy\" src=\"https:\/\/www.arpaz.pt\/portal\/wp-content\/uploads\/2023\/04\/Relatorio_e_Contas_2022.pdf\" width=\"100%\" height=\"1000\"><\/iframe><\/div>\n\t\t\t\t\t\t\t\t\t<div class=\"elementor-tab-title elementor-tab-mobile-title\" data-tab=\"7\" role=\"tab\">Relat\u00f3rio de Contas 2023<\/div>\n\t\t\t\t\t<div id=\"elementor-tab-content-2517\" class=\"elementor-tab-content elementor-clearfix\" data-tab=\"7\" role=\"tabpanel\" aria-labelledby=\"elementor-tab-title-2517\"><iframe loading=\"lazy\" src=\"https:\/\/www.arpaz.pt\/portal\/wp-content\/uploads\/2024\/05\/Ata-AssGeral-19abr24.pdf\" width=\"100%\" height=\"1000\"><\/iframe><\/div>\n\t\t\t\t\t\t\t\t\t<div class=\"elementor-tab-title elementor-tab-mobile-title\" data-tab=\"8\" role=\"tab\">Relat\u00f3rio de Contas 2024<\/div>\n\t\t\t\t\t<div id=\"elementor-tab-content-2518\" class=\"elementor-tab-content elementor-clearfix\" data-tab=\"8\" role=\"tabpanel\" aria-labelledby=\"elementor-tab-title-2518\"><iframe loading=\"lazy\" src=\"https:\/\/www.arpaz.pt\/portal\/wp-content\/uploads\/2025\/02\/Ata-29_2024-Plano-e-Orcato-2025.pdf\" width=\"100%\" height=\"1000\"><span data-mce-type=\"bookmark\" style=\"display: inline-block; width: 0px; overflow: hidden; line-height: 0;\" class=\"mce_SELRES_start\">\ufeff<\/span><span data-mce-type=\"bookmark\" style=\"display: inline-block; width: 0px; overflow: hidden; line-height: 0;\" class=\"mce_SELRES_start\">\ufeff<\/span><span data-mce-type=\"bookmark\" style=\"display: inline-block; width: 0px; overflow: hidden; line-height: 0;\" class=\"mce_SELRES_start\">\ufeff<\/span><\/iframe>\n\n<iframe loading=\"lazy\" src=\"https:\/\/www.arpaz.pt\/portal\/wp-content\/uploads\/2025\/02\/Ata-30-2024-eleicoes-mandato-25_-28.pdf\" width=\"100%\" height=\"1000\"><span data-mce-type=\"bookmark\" style=\"display: inline-block; width: 0px; overflow: hidden; line-height: 0;\" class=\"mce_SELRES_start\">\ufeff<\/span><span data-mce-type=\"bookmark\" style=\"display: inline-block; width: 0px; overflow: hidden; line-height: 0;\" class=\"mce_SELRES_start\">\ufeff<\/span><\/iframe><\/div>\n\t\t\t\t\t\t\t<\/div>\n\t\t<\/div>\n\t\t\t\t<\/div>\n\t\t\t\t<\/div>\n\t\t\t\t\t\t<\/div>\n\t\t\t<\/div>\n\t\t<\/div>\n\t\t\t\t\t\t<\/div>\n\t\t\t<\/div>\n\t\t<\/section>\n\t\t\t\t\t\t<\/div>\n\t\t\t<\/div>\n\t\t<\/div>\n\t\t","protected":false},"excerpt":{"rendered":"<p>Relat\u00f3rio e Contas Relat\u00f3rio de Contas 2024 Relat\u00f3rio de Contas 2024 \ufeff Relat\u00f3rio de Contas 2017 Relat\u00f3rio de Contas 2018 Relat\u00f3rio de Contas 2019 Relat\u00f3rio de Contas 2020 Relat\u00f3rio de Contas 2021 Relat\u00f3rio de Contas 2022 Relat\u00f3rio de Contas 2023 Relat\u00f3rio de Contas 2024 Relat\u00f3rio de Contas 2017 Relat\u00f3rio de Contas 2018 Relat\u00f3rio de Contas 2019 Relat\u00f3rio de Contas 2020 Relat\u00f3rio de Contas 2021 Relat\u00f3rio&hellip; <\/p>\n","protected":false},"author":1,"featured_media":124,"parent":0,"menu_order":0,"comment_status":"closed","ping_status":"closed","template":"","meta":{"_bbp_topic_count":0,"_bbp_reply_count":0,"_bbp_total_topic_count":0,"_bbp_total_reply_count":0,"_bbp_voice_count":0,"_bbp_anonymous_reply_count":0,"_bbp_topic_count_hidden":0,"_bbp_reply_count_hidden":0,"_bbp_forum_subforum_count":0,"footnotes":""},"class_list":["post-1096","page","type-page","status-publish","has-post-thumbnail","hentry","clearfix"],"jetpack_sharing_enabled":true,"_links":{"self":[{"href":"https:\/\/www.arpaz.pt\/portal\/wp-json\/wp\/v2\/pages\/1096","targetHints":{"allow":["GET"]}}],"collection":[{"href":"https:\/\/www.arpaz.pt\/portal\/wp-json\/wp\/v2\/pages"}],"about":[{"href":"https:\/\/www.arpaz.pt\/portal\/wp-json\/wp\/v2\/types\/page"}],"author":[{"embeddable":true,"href":"https:\/\/www.arpaz.pt\/portal\/wp-json\/wp\/v2\/users\/1"}],"replies":[{"embeddable":true,"href":"https:\/\/www.arpaz.pt\/portal\/wp-json\/wp\/v2\/comments?post=1096"}],"version-history":[{"count":49,"href":"https:\/\/www.arpaz.pt\/portal\/wp-json\/wp\/v2\/pages\/1096\/revisions"}],"predecessor-version":[{"id":1755,"href":"https:\/\/www.arpaz.pt\/portal\/wp-json\/wp\/v2\/pages\/1096\/revisions\/1755"}],"wp:featuredmedia":[{"embeddable":true,"href":"https:\/\/www.arpaz.pt\/portal\/wp-json\/wp\/v2\/media\/124"}],"wp:attachment":[{"href":"https:\/\/www.arpaz.pt\/portal\/wp-json\/wp\/v2\/media?parent=1096"}],"curies":[{"name":"wp","href":"https:\/\/api.w.org\/{rel}","templated":true}]}}