{"id":390,"date":"2020-02-20T11:19:07","date_gmt":"2020-02-20T11:19:07","guid":{"rendered":"https:\/\/www.arpaz.pt\/portal\/?page_id=390"},"modified":"2020-02-24T22:27:31","modified_gmt":"2020-02-24T22:27:31","slug":"historia","status":"publish","type":"page","link":"https:\/\/www.arpaz.pt\/portal\/historia\/","title":{"rendered":"Hist\u00f3ria"},"content":{"rendered":"\t\t<div data-elementor-type=\"wp-page\" data-elementor-id=\"390\" class=\"elementor elementor-390\" data-elementor-settings=\"[]\">\n\t\t\t<div class=\"elementor-inner\">\n\t\t\t\t<div class=\"elementor-section-wrap\">\n\t\t\t\t\t\t\t<section class=\"elementor-element elementor-element-71496f93 elementor-section-boxed elementor-section-height-default elementor-section-height-default elementor-section elementor-top-section\" data-id=\"71496f93\" data-element_type=\"section\">\n\t\t\t\t\t\t<div class=\"elementor-container elementor-column-gap-default\">\n\t\t\t\t<div class=\"elementor-row\">\n\t\t\t\t<div class=\"elementor-element elementor-element-28132422 elementor-column elementor-col-100 elementor-top-column\" data-id=\"28132422\" data-element_type=\"column\">\n\t\t\t<div class=\"elementor-column-wrap  elementor-element-populated\">\n\t\t\t\t\t<div class=\"elementor-widget-wrap\">\n\t\t\t\t<div class=\"elementor-element elementor-element-7827f4e5 elementor-widget elementor-widget-text-editor\" data-id=\"7827f4e5\" data-element_type=\"widget\" data-widget_type=\"text-editor.default\">\n\t\t\t\t<div class=\"elementor-widget-container\">\n\t\t\t\t\t<div class=\"elementor-text-editor elementor-clearfix\"><\/div>\n\t\t\t\t<\/div>\n\t\t\t\t<\/div>\n\t\t\t\t<div class=\"elementor-element elementor-element-af558f7 elementor-widget elementor-widget-divider\" data-id=\"af558f7\" data-element_type=\"widget\" data-widget_type=\"divider.default\">\n\t\t\t\t<div class=\"elementor-widget-container\">\n\t\t\t\t\t<div class=\"elementor-divider\">\n\t\t\t<span class=\"elementor-divider-separator\">\n\t\t\t\t\t\t<\/span>\n\t\t<\/div>\n\t\t\t\t<\/div>\n\t\t\t\t<\/div>\n\t\t\t\t\t\t<\/div>\n\t\t\t<\/div>\n\t\t<\/div>\n\t\t\t\t\t\t<\/div>\n\t\t\t<\/div>\n\t\t<\/section>\n\t\t\t\t<section class=\"elementor-element elementor-element-c4242ab elementor-section-boxed elementor-section-height-default elementor-section-height-default elementor-section elementor-top-section\" data-id=\"c4242ab\" data-element_type=\"section\">\n\t\t\t\t\t\t<div class=\"elementor-container elementor-column-gap-default\">\n\t\t\t\t<div class=\"elementor-row\">\n\t\t\t\t<div class=\"elementor-element elementor-element-799dd52 elementor-column elementor-col-100 elementor-top-column\" data-id=\"799dd52\" data-element_type=\"column\">\n\t\t\t<div class=\"elementor-column-wrap  elementor-element-populated\">\n\t\t\t\t\t<div class=\"elementor-widget-wrap\">\n\t\t\t\t<div class=\"elementor-element elementor-element-b578370 elementor-widget elementor-widget-heading\" data-id=\"b578370\" data-element_type=\"widget\" data-widget_type=\"heading.default\">\n\t\t\t\t<div class=\"elementor-widget-container\">\n\t\t\t<h2 class=\"elementor-heading-title elementor-size-default\">Hist\u00f3ria<\/h2>\t\t<\/div>\n\t\t\t\t<\/div>\n\t\t\t\t\t\t<\/div>\n\t\t\t<\/div>\n\t\t<\/div>\n\t\t\t\t\t\t<\/div>\n\t\t\t<\/div>\n\t\t<\/section>\n\t\t\t\t<section class=\"elementor-element elementor-element-9972038 elementor-section-boxed elementor-section-height-default elementor-section-height-default elementor-section elementor-top-section\" data-id=\"9972038\" data-element_type=\"section\">\n\t\t\t\t\t\t<div class=\"elementor-container elementor-column-gap-default\">\n\t\t\t\t<div class=\"elementor-row\">\n\t\t\t\t<div class=\"elementor-element elementor-element-853657a elementor-column elementor-col-66 elementor-top-column\" data-id=\"853657a\" data-element_type=\"column\">\n\t\t\t<div class=\"elementor-column-wrap  elementor-element-populated\">\n\t\t\t\t\t<div class=\"elementor-widget-wrap\">\n\t\t\t\t<div class=\"elementor-element elementor-element-72106e6 elementor-widget elementor-widget-text-editor\" data-id=\"72106e6\" data-element_type=\"widget\" data-widget_type=\"text-editor.default\">\n\t\t\t\t<div class=\"elementor-widget-container\">\n\t\t\t\t\t<div class=\"elementor-text-editor elementor-clearfix\"><p>A ARPAZ foi criada em 1986, como Institui\u00e7\u00e3o de Solidariedade Social, com a miss\u00e3o de promover o desenvolvimento social atrav\u00e9s de respostas e servi\u00e7os de solidariedade, educa\u00e7\u00e3o, anima\u00e7\u00e3o, forma\u00e7\u00e3o e integra\u00e7\u00e3o comunit\u00e1ria. Criou estruturas de centro de dia, apoio domicili\u00e1rio e ATL. Em 2008, construiu e iniciou o funcionamento da val\u00eancia de lar de idosos.<\/p><p><strong>Projecto colectivo<\/strong> &#8211; a popula\u00e7\u00e3o do Barco ansiava por uma estrutura de apoio que pudesse acolher e servir especialmente os mais idosos, cujos filhos procuraram nos anos 60 os pa\u00edses da emigra\u00e7\u00e3o ou as cidades do Litoral &#8211; a ARPAZ foi surgindo durante as viagens que dois amigos (Jos\u00e9 Joaquim Antunes e Jer\u00f3nimo Barata) fizeram no in\u00edcio da d\u00e9cada de oitenta do sec. XX, entre o Barco e Lisboa, aonde iam trabalhar durante a semana. Consolidada a ideia, alargou-se o n\u00facleo fundador a outros barquenses residentes em Lisboa e entidades locais, como a Junta de Freguesia, C\u00e2mara Municipal e Par\u00f3quia, foram cativadas para o projecto. Desde antes da funda\u00e7\u00e3o, os habitantes do Barco apoiaram de forma organizada. Fizeram-se cortejos para recolha de fundos e reuni\u00f5es de esclarecimento e inscri\u00e7\u00e3o de s\u00f3cios.<\/p><p>A escritura p\u00fablica de constitui\u00e7\u00e3o foi celebrada no Cart\u00f3rio Notarial da Covilh\u00e3, no dia 21 de Junho de 1986.<\/p><\/div>\n\t\t\t\t<\/div>\n\t\t\t\t<\/div>\n\t\t\t\t\t\t<\/div>\n\t\t\t<\/div>\n\t\t<\/div>\n\t\t\t\t<div class=\"elementor-element elementor-element-e312f70 elementor-column elementor-col-33 elementor-top-column\" data-id=\"e312f70\" data-element_type=\"column\">\n\t\t\t<div class=\"elementor-column-wrap  elementor-element-populated\">\n\t\t\t\t\t<div class=\"elementor-widget-wrap\">\n\t\t\t\t<div class=\"elementor-element elementor-element-f33155a elementor-widget elementor-widget-image\" data-id=\"f33155a\" data-element_type=\"widget\" data-widget_type=\"image.default\">\n\t\t\t\t<div class=\"elementor-widget-container\">\n\t\t\t\t\t<div class=\"elementor-image\">\n\t\t\t\t\t\t\t\t\t\t<img loading=\"lazy\" decoding=\"async\" width=\"790\" height=\"593\" src=\"https:\/\/www.arpaz.pt\/portal\/wp-content\/uploads\/2020\/02\/Imagem1.png\" class=\"attachment-large size-large\" alt=\"\" srcset=\"https:\/\/www.arpaz.pt\/portal\/wp-content\/uploads\/2020\/02\/Imagem1.png 872w, https:\/\/www.arpaz.pt\/portal\/wp-content\/uploads\/2020\/02\/Imagem1-600x450.png 600w, https:\/\/www.arpaz.pt\/portal\/wp-content\/uploads\/2020\/02\/Imagem1-300x225.png 300w, https:\/\/www.arpaz.pt\/portal\/wp-content\/uploads\/2020\/02\/Imagem1-768x576.png 768w\" sizes=\"auto, (max-width: 790px) 100vw, 790px\" \/>\t\t\t\t\t\t\t\t\t\t\t<\/div>\n\t\t\t\t<\/div>\n\t\t\t\t<\/div>\n\t\t\t\t\t\t<\/div>\n\t\t\t<\/div>\n\t\t<\/div>\n\t\t\t\t\t\t<\/div>\n\t\t\t<\/div>\n\t\t<\/section>\n\t\t\t\t<section class=\"elementor-element elementor-element-8c743c2 elementor-section-boxed elementor-section-height-default elementor-section-height-default elementor-section elementor-top-section\" data-id=\"8c743c2\" data-element_type=\"section\">\n\t\t\t\t\t\t<div class=\"elementor-container elementor-column-gap-default\">\n\t\t\t\t<div class=\"elementor-row\">\n\t\t\t\t<div class=\"elementor-element elementor-element-bc16277 elementor-column elementor-col-100 elementor-top-column\" data-id=\"bc16277\" data-element_type=\"column\">\n\t\t\t<div class=\"elementor-column-wrap  elementor-element-populated\">\n\t\t\t\t\t<div class=\"elementor-widget-wrap\">\n\t\t\t\t<div class=\"elementor-element elementor-element-a0d6b8c elementor-tabs-view-horizontal elementor-widget elementor-widget-tabs\" data-id=\"a0d6b8c\" data-element_type=\"widget\" data-widget_type=\"tabs.default\">\n\t\t\t\t<div class=\"elementor-widget-container\">\n\t\t\t\t\t<div class=\"elementor-tabs\" role=\"tablist\">\n\t\t\t<div class=\"elementor-tabs-wrapper\">\n\t\t\t\t\t\t\t\t\t<div id=\"elementor-tab-title-1681\" class=\"elementor-tab-title elementor-tab-desktop-title\" data-tab=\"1\" role=\"tab\" aria-controls=\"elementor-tab-content-1681\"><a href=\"\">Curriculum Vitae<\/a><\/div>\n\t\t\t\t\t\t\t\t\t<div id=\"elementor-tab-title-1682\" class=\"elementor-tab-title elementor-tab-desktop-title\" data-tab=\"2\" role=\"tab\" aria-controls=\"elementor-tab-content-1682\"><a href=\"\">Miss\u00e3o<\/a><\/div>\n\t\t\t\t\t\t\t\t\t<div id=\"elementor-tab-title-1683\" class=\"elementor-tab-title elementor-tab-desktop-title\" data-tab=\"3\" role=\"tab\" aria-controls=\"elementor-tab-content-1683\"><a href=\"\">Valores<\/a><\/div>\n\t\t\t\t\t\t\t\t\t<div id=\"elementor-tab-title-1684\" class=\"elementor-tab-title elementor-tab-desktop-title\" data-tab=\"4\" role=\"tab\" aria-controls=\"elementor-tab-content-1684\"><a href=\"\">Vis\u00e3o<\/a><\/div>\n\t\t\t\t\t\t\t<\/div>\n\t\t\t<div class=\"elementor-tabs-content-wrapper\">\n\t\t\t\t\t\t\t\t\t<div class=\"elementor-tab-title elementor-tab-mobile-title\" data-tab=\"1\" role=\"tab\">Curriculum Vitae<\/div>\n\t\t\t\t\t<div id=\"elementor-tab-content-1681\" class=\"elementor-tab-content elementor-clearfix\" data-tab=\"1\" role=\"tabpanel\" aria-labelledby=\"elementor-tab-title-1681\"><iframe loading=\"lazy\" src=\"https:\/\/www.arpaz.pt\/portal\/wp-content\/uploads\/2020\/02\/Curriculum-Vitae-ARPAZ.pdf\" width=\"100%\" height=\"1000\"><\/iframe><\/div>\n\t\t\t\t\t\t\t\t\t<div class=\"elementor-tab-title elementor-tab-mobile-title\" data-tab=\"2\" role=\"tab\">Miss\u00e3o<\/div>\n\t\t\t\t\t<div id=\"elementor-tab-content-1682\" class=\"elementor-tab-content elementor-clearfix\" data-tab=\"2\" role=\"tabpanel\" aria-labelledby=\"elementor-tab-title-1682\"><p>Proporcionar um servi\u00e7o social \u00e0 Comunidade para que seja justa, igualit\u00e1ria e que pratique o bem em prol dos mais desfavorecidos.<\/p><\/div>\n\t\t\t\t\t\t\t\t\t<div class=\"elementor-tab-title elementor-tab-mobile-title\" data-tab=\"3\" role=\"tab\">Valores<\/div>\n\t\t\t\t\t<div id=\"elementor-tab-content-1683\" class=\"elementor-tab-content elementor-clearfix\" data-tab=\"3\" role=\"tabpanel\" aria-labelledby=\"elementor-tab-title-1683\"><p>\u00c9tica, Integridade e Honestidade. Responsabilidade e Confidencialidade. Qualidade de Servi\u00e7os. Igualdade e N\u00e3o Discrimina\u00e7\u00e3o.<\/p><p>\u00a0<\/p><\/div>\n\t\t\t\t\t\t\t\t\t<div class=\"elementor-tab-title elementor-tab-mobile-title\" data-tab=\"4\" role=\"tab\">Vis\u00e3o<\/div>\n\t\t\t\t\t<div id=\"elementor-tab-content-1684\" class=\"elementor-tab-content elementor-clearfix\" data-tab=\"4\" role=\"tabpanel\" aria-labelledby=\"elementor-tab-title-1684\"><p>Fazer bem pelo Bem Comum.<\/p><\/div>\n\t\t\t\t\t\t\t<\/div>\n\t\t<\/div>\n\t\t\t\t<\/div>\n\t\t\t\t<\/div>\n\t\t\t\t\t\t<\/div>\n\t\t\t<\/div>\n\t\t<\/div>\n\t\t\t\t\t\t<\/div>\n\t\t\t<\/div>\n\t\t<\/section>\n\t\t\t\t<section class=\"elementor-element elementor-element-3199f63 elementor-section-boxed elementor-section-height-default elementor-section-height-default elementor-section elementor-top-section\" data-id=\"3199f63\" data-element_type=\"section\">\n\t\t\t\t\t\t<div class=\"elementor-container elementor-column-gap-default\">\n\t\t\t\t<div class=\"elementor-row\">\n\t\t\t\t<div class=\"elementor-element elementor-element-6c783b4 elementor-column elementor-col-100 elementor-top-column\" data-id=\"6c783b4\" data-element_type=\"column\">\n\t\t\t<div class=\"elementor-column-wrap  elementor-element-populated\">\n\t\t\t\t\t<div class=\"elementor-widget-wrap\">\n\t\t\t\t<div class=\"elementor-element elementor-element-9d1a303 elementor-widget elementor-widget-spacer\" data-id=\"9d1a303\" data-element_type=\"widget\" data-widget_type=\"spacer.default\">\n\t\t\t\t<div class=\"elementor-widget-container\">\n\t\t\t\t\t<div class=\"elementor-spacer\">\n\t\t\t<div class=\"elementor-spacer-inner\"><\/div>\n\t\t<\/div>\n\t\t\t\t<\/div>\n\t\t\t\t<\/div>\n\t\t\t\t\t\t<\/div>\n\t\t\t<\/div>\n\t\t<\/div>\n\t\t\t\t\t\t<\/div>\n\t\t\t<\/div>\n\t\t<\/section>\n\t\t\t\t\t\t<\/div>\n\t\t\t<\/div>\n\t\t<\/div>\n\t\t","protected":false},"excerpt":{"rendered":"<p>Hist\u00f3ria A ARPAZ foi criada em 1986, como Institui\u00e7\u00e3o de Solidariedade Social, com a miss\u00e3o de promover o desenvolvimento social atrav\u00e9s de respostas e servi\u00e7os de solidariedade, educa\u00e7\u00e3o, anima\u00e7\u00e3o, forma\u00e7\u00e3o e integra\u00e7\u00e3o comunit\u00e1ria. Criou estruturas de centro de dia, apoio domicili\u00e1rio e ATL. Em 2008, construiu e iniciou o funcionamento da val\u00eancia de lar de idosos. Projecto colectivo &#8211; a popula\u00e7\u00e3o do Barco ansiava por&hellip; <\/p>\n","protected":false},"author":1,"featured_media":124,"parent":0,"menu_order":0,"comment_status":"closed","ping_status":"closed","template":"","meta":{"_bbp_topic_count":0,"_bbp_reply_count":0,"_bbp_total_topic_count":0,"_bbp_total_reply_count":0,"_bbp_voice_count":0,"_bbp_anonymous_reply_count":0,"_bbp_topic_count_hidden":0,"_bbp_reply_count_hidden":0,"_bbp_forum_subforum_count":0,"footnotes":""},"class_list":["post-390","page","type-page","status-publish","has-post-thumbnail","hentry","clearfix"],"jetpack_sharing_enabled":true,"_links":{"self":[{"href":"https:\/\/www.arpaz.pt\/portal\/wp-json\/wp\/v2\/pages\/390","targetHints":{"allow":["GET"]}}],"collection":[{"href":"https:\/\/www.arpaz.pt\/portal\/wp-json\/wp\/v2\/pages"}],"about":[{"href":"https:\/\/www.arpaz.pt\/portal\/wp-json\/wp\/v2\/types\/page"}],"author":[{"embeddable":true,"href":"https:\/\/www.arpaz.pt\/portal\/wp-json\/wp\/v2\/users\/1"}],"replies":[{"embeddable":true,"href":"https:\/\/www.arpaz.pt\/portal\/wp-json\/wp\/v2\/comments?post=390"}],"version-history":[{"count":15,"href":"https:\/\/www.arpaz.pt\/portal\/wp-json\/wp\/v2\/pages\/390\/revisions"}],"predecessor-version":[{"id":467,"href":"https:\/\/www.arpaz.pt\/portal\/wp-json\/wp\/v2\/pages\/390\/revisions\/467"}],"wp:featuredmedia":[{"embeddable":true,"href":"https:\/\/www.arpaz.pt\/portal\/wp-json\/wp\/v2\/media\/124"}],"wp:attachment":[{"href":"https:\/\/www.arpaz.pt\/portal\/wp-json\/wp\/v2\/media?parent=390"}],"curies":[{"name":"wp","href":"https:\/\/api.w.org\/{rel}","templated":true}]}}